{"id":288,"date":"2025-09-29T16:07:51","date_gmt":"2025-09-29T22:07:51","guid":{"rendered":"https:\/\/radio.unialianzahispana.edu.mx\/?page_id=288"},"modified":"2026-01-09T12:23:54","modified_gmt":"2026-01-09T18:23:54","slug":"turistiando","status":"publish","type":"page","link":"https:\/\/radio.unialianzahispana.edu.mx\/?page_id=288","title":{"rendered":"TURISTEANDO"},"content":{"rendered":"\n<div style=\"max-width: 720px; margin: 30px auto; padding: 25px; border-radius: 18px; background: linear-gradient(135deg, #ffffff, #f2f2f2); box-shadow: 0 8px 18px rgba(0,0,0,0.18); font-family: 'Segoe UI', Arial, sans-serif;\">\n\n  <!-- Imagen del programa -->\n  <div style=\"text-align: center; margin-bottom: 20px;\">\n    <figure style=\"margin: 0;\">\n      <img decoding=\"async\" \n        src=\"https:\/\/radio.unialianzahispana.edu.mx\/wp-content\/uploads\/2024\/06\/Imagen10.png\" \n        alt=\"Turisteando\"\n        style=\"width:100%; max-width:360px; height:auto; border-radius: 14px; box-shadow: 0 6px 12px rgba(0,0,0,0.2);\"\n      \/>\n    <\/figure>\n  <\/div>\n\n  <!-- T\u00edtulo -->\n  <h2 style=\"text-align: center; color: #FF6600; margin-bottom: 12px; font-size: clamp(22px, 5vw, 28px); letter-spacing: 1px;\">\n    TURISTEANDO\n  <\/h2>\n\n  <!-- L\u00ednea decorativa -->\n  <div style=\"width: 60px; height: 4px; background: #FF6600; margin: 0 auto 22px auto; border-radius: 2px;\"><\/div>\n\n  <!-- Descripci\u00f3n -->\n  <p style=\"text-align: justify; font-size: clamp(15px, 4vw, 16.5px); color: #444; line-height: 1.7; margin-bottom: 25px;\">\n    Bienvenido a <strong>Turisteando<\/strong>, un recorrido radiof\u00f3nico por diversos sitios tur\u00edsticos de nuestro pa\u00eds y del mundo, a la vez que acerca al conocimiento de las distintas actividades laborales que derivan de la pr\u00e1ctica tur\u00edstica. En compa\u00f1\u00eda de invitados se da a conocer el valor hist\u00f3rico y cultural de aquello que hace m\u00e1gicos a nuestros pueblos.\n  <\/p>\n\n  <!-- Reproductor de audio -->\n  <div style=\"margin-top: 20px;\">\n    <iframe loading=\"lazy\" \n      width=\"100%\" \n      height=\"166\" \n      scrolling=\"no\" \n      frameborder=\"no\" \n      allow=\"autoplay\"\n      style=\"border-radius: 12px;\"\n      src=\"https:\/\/w.soundcloud.com\/player\/?url=https%3A\/\/soundcloud.com\/jatzirycecyte\/turisteando-22x07&#038;color=%23ff6600&#038;auto_play=false&#038;show_user=true\">\n    <\/iframe>\n\n    <!-- Cr\u00e9ditos -->\n    <div style=\"font-size: 11px; color: #999; margin-top: 6px; text-align: center; font-family: Arial, sans-serif;\">\n      <a href=\"https:\/\/soundcloud.com\/jatzirycecyte\" target=\"_blank\" style=\"color: #999; text-decoration: none;\"><\/a>\n      <a href=\"https:\/\/soundcloud.com\/jatzirycecyte\/turisteando-22x07\" target=\"_blank\" style=\"color: #999; text-decoration: none;\"><\/a>\n    <\/div>\n  <\/div>\n\n<\/div>\n\n","protected":false},"excerpt":{"rendered":"<p>TURISTEANDO Bienvenido a Turisteando, un recorrido radiof\u00f3nico por diversos sitios tur\u00edsticos de nuestro pa\u00eds y del mundo, a la vez que acerca al conocimiento de las distintas actividades laborales que derivan de la pr\u00e1ctica tur\u00edstica. En compa\u00f1\u00eda de invitados se da a conocer el valor hist\u00f3rico y cultural de aquello que hace m\u00e1gicos a nuestros [&hellip;]<\/p>\n","protected":false},"author":4,"featured_media":0,"parent":0,"menu_order":0,"comment_status":"closed","ping_status":"closed","template":"","meta":{"_sb_is_suggestion_mode":false,"_sb_show_suggestion_boards":false,"_sb_show_comment_boards":false,"_sb_suggestion_history":"","_sb_update_block_changes":"","footnotes":""},"class_list":["post-288","page","type-page","status-publish","hentry"],"_links":{"self":[{"href":"https:\/\/radio.unialianzahispana.edu.mx\/index.php?rest_route=\/wp\/v2\/pages\/288","targetHints":{"allow":["GET"]}}],"collection":[{"href":"https:\/\/radio.unialianzahispana.edu.mx\/index.php?rest_route=\/wp\/v2\/pages"}],"about":[{"href":"https:\/\/radio.unialianzahispana.edu.mx\/index.php?rest_route=\/wp\/v2\/types\/page"}],"author":[{"embeddable":true,"href":"https:\/\/radio.unialianzahispana.edu.mx\/index.php?rest_route=\/wp\/v2\/users\/4"}],"replies":[{"embeddable":true,"href":"https:\/\/radio.unialianzahispana.edu.mx\/index.php?rest_route=%2Fwp%2Fv2%2Fcomments&post=288"}],"version-history":[{"count":13,"href":"https:\/\/radio.unialianzahispana.edu.mx\/index.php?rest_route=\/wp\/v2\/pages\/288\/revisions"}],"predecessor-version":[{"id":589,"href":"https:\/\/radio.unialianzahispana.edu.mx\/index.php?rest_route=\/wp\/v2\/pages\/288\/revisions\/589"}],"wp:attachment":[{"href":"https:\/\/radio.unialianzahispana.edu.mx\/index.php?rest_route=%2Fwp%2Fv2%2Fmedia&parent=288"}],"curies":[{"name":"wp","href":"https:\/\/api.w.org\/{rel}","templated":true}]}}