{"id":285,"date":"2025-09-29T16:06:47","date_gmt":"2025-09-29T22:06:47","guid":{"rendered":"https:\/\/radio.unialianzahispana.edu.mx\/?page_id=285"},"modified":"2025-10-28T11:12:21","modified_gmt":"2025-10-28T17:12:21","slug":"eros-e-una-vez","status":"publish","type":"page","link":"https:\/\/radio.unialianzahispana.edu.mx\/?page_id=285","title":{"rendered":"EROS-E UNA VEZ"},"content":{"rendered":"\n<div style=\"max-width: 700px; margin: 20px auto; padding: 20px; border-radius: 15px; background: #f7f7f7; box-shadow: 0 4px 10px rgba(0,0,0,0.15); font-family: Arial, sans-serif;\">\n\n  <!-- Imagen del programa -->\n  <div style=\"text-align: center; margin-bottom: 15px;\">\n    <figure class=\"wp-block-image size-full is-resized\">\n      <img decoding=\"async\" src=\"https:\/\/radio.unialianzahispana.edu.mx\/wp-content\/uploads\/2024\/06\/Imagen9.png\" \n           alt=\"Eros-e Una Vez\" \n           class=\"wp-image-131\" \n           style=\"width:308px; height:auto; border-radius: 10px;\"\/>\n    <\/figure>\n  <\/div>\n\n  <!-- T\u00edtulo -->\n  <h2 style=\"text-align: center; color: #FF6600; margin-bottom: 10px; font-size: 26px;\">\n    EROS-E UNA VEZ\n  <\/h2>\n\n  <!-- Descripci\u00f3n -->\n  <p style=\"text-align: justify; font-size: 16px; color: #333; line-height: 1.6;\">\n    Bienvenido a <strong>Eros-e Una Vez<\/strong>.  \n    Espacio radiof\u00f3nico dedicado a contar sobre la historia de la sexualidad, las curiosidades sexuales en distintas culturas y momentos de la historia, la actualidad sobre nuestras conductas sexuales y su relaci\u00f3n con la construcci\u00f3n de nuestra personalidad, pero sobre todas las cosas, una aproximaci\u00f3n a una cultura del erotismo, en compa\u00f1\u00eda de distintos expertos y actores sociales de la sexualidad humana.\n  <\/p>\n\n  <!-- Reproductor de audio (SoundCloud) -->\n  <div style=\"margin-top: 20px; text-align: center;\">\n    <iframe loading=\"lazy\" \n      width=\"100%\" \n      height=\"166\" \n      scrolling=\"no\" \n      frameborder=\"no\" \n      allow=\"autoplay\" \n      src=\"https:\/\/w.soundcloud.com\/player\/?url=https%3A\/\/soundcloud.com\/jatcarrasco43\/eros-e-una-vez-38x07&#038;color=%23ff5500&#038;auto_play=false&#038;show_user=true\">\n    <\/iframe>\n  <\/div>\n<\/div>\n\n","protected":false},"excerpt":{"rendered":"<p>EROS-E UNA VEZ Bienvenido a Eros-e Una Vez. Espacio radiof\u00f3nico dedicado a contar sobre la historia de la sexualidad, las curiosidades sexuales en distintas culturas y momentos de la historia, la actualidad sobre nuestras conductas sexuales y su relaci\u00f3n con la construcci\u00f3n de nuestra personalidad, pero sobre todas las cosas, una aproximaci\u00f3n a una cultura [&hellip;]<\/p>\n","protected":false},"author":5,"featured_media":0,"parent":0,"menu_order":0,"comment_status":"closed","ping_status":"closed","template":"","meta":{"_sb_is_suggestion_mode":false,"_sb_show_suggestion_boards":false,"_sb_show_comment_boards":false,"_sb_suggestion_history":"","_sb_update_block_changes":"","footnotes":""},"class_list":["post-285","page","type-page","status-publish","hentry"],"_links":{"self":[{"href":"https:\/\/radio.unialianzahispana.edu.mx\/index.php?rest_route=\/wp\/v2\/pages\/285","targetHints":{"allow":["GET"]}}],"collection":[{"href":"https:\/\/radio.unialianzahispana.edu.mx\/index.php?rest_route=\/wp\/v2\/pages"}],"about":[{"href":"https:\/\/radio.unialianzahispana.edu.mx\/index.php?rest_route=\/wp\/v2\/types\/page"}],"author":[{"embeddable":true,"href":"https:\/\/radio.unialianzahispana.edu.mx\/index.php?rest_route=\/wp\/v2\/users\/5"}],"replies":[{"embeddable":true,"href":"https:\/\/radio.unialianzahispana.edu.mx\/index.php?rest_route=%2Fwp%2Fv2%2Fcomments&post=285"}],"version-history":[{"count":11,"href":"https:\/\/radio.unialianzahispana.edu.mx\/index.php?rest_route=\/wp\/v2\/pages\/285\/revisions"}],"predecessor-version":[{"id":547,"href":"https:\/\/radio.unialianzahispana.edu.mx\/index.php?rest_route=\/wp\/v2\/pages\/285\/revisions\/547"}],"wp:attachment":[{"href":"https:\/\/radio.unialianzahispana.edu.mx\/index.php?rest_route=%2Fwp%2Fv2%2Fmedia&parent=285"}],"curies":[{"name":"wp","href":"https:\/\/api.w.org\/{rel}","templated":true}]}}