{"id":282,"date":"2025-09-29T16:05:20","date_gmt":"2025-09-29T22:05:20","guid":{"rendered":"https:\/\/radio.unialianzahispana.edu.mx\/?page_id=282"},"modified":"2026-01-09T12:22:48","modified_gmt":"2026-01-09T18:22:48","slug":"traslucido","status":"publish","type":"page","link":"https:\/\/radio.unialianzahispana.edu.mx\/?page_id=282","title":{"rendered":"TRASLUCIDO"},"content":{"rendered":"\n<div style=\"max-width: 720px; margin: 30px auto; padding: 25px; border-radius: 18px; background: linear-gradient(135deg, #ffffff, #f2f2f2); box-shadow: 0 8px 18px rgba(0,0,0,0.18); font-family: 'Segoe UI', Arial, sans-serif;\">\n\n  <!-- Imagen del programa -->\n  <div style=\"text-align: center; margin-bottom: 20px;\">\n    <figure style=\"margin: 0;\">\n      <img decoding=\"async\" \n        src=\"https:\/\/radio.unialianzahispana.edu.mx\/wp-content\/uploads\/2024\/06\/Imagen2-1.png\" \n        alt=\"Trasl\u00facido\"\n        style=\"width:100%; max-width:360px; height:auto; border-radius: 14px; box-shadow: 0 6px 12px rgba(0,0,0,0.2);\"\n      \/>\n    <\/figure>\n  <\/div>\n\n  <!-- T\u00edtulo -->\n  <h2 style=\"text-align: center; color: #FF6600; margin-bottom: 12px; font-size: clamp(22px, 5vw, 28px); letter-spacing: 1px;\">\n    TRASL\u00daCIDO\n  <\/h2>\n\n  <!-- L\u00ednea decorativa -->\n  <div style=\"width: 60px; height: 4px; background: #FF6600; margin: 0 auto 22px auto; border-radius: 2px;\"><\/div>\n\n  <!-- Descripci\u00f3n -->\n  <p style=\"text-align: justify; font-size: clamp(15px, 4vw, 16.5px); color: #444; line-height: 1.7; margin-bottom: 25px;\">\n    Bienvenido a <strong>Trasl\u00facido<\/strong>, un programa dedicado al mundo del deporte con entrevistas, an\u00e1lisis y la mejor informaci\u00f3n.\n    <br><br>\n    Conduce <em>Sam Morales<\/em>.\n  <\/p>\n\n  <!-- Reproductor de audio -->\n  <div style=\"margin-top: 20px;\">\n    <audio controls style=\"width: 100%; border-radius: 12px;\">\n      <source src=\"AUDIO AQUIII\" type=\"audio\/mpeg\">\n      Tu navegador no soporta el reproductor de audio.\n    <\/audio>\n  <\/div>\n\n<\/div>\n\n","protected":false},"excerpt":{"rendered":"<p>TRASL\u00daCIDO Bienvenido a Trasl\u00facido, un programa dedicado al mundo del deporte con entrevistas, an\u00e1lisis y la mejor informaci\u00f3n. Conduce Sam Morales. Tu navegador no soporta el reproductor de audio.<\/p>\n","protected":false},"author":4,"featured_media":0,"parent":0,"menu_order":0,"comment_status":"closed","ping_status":"closed","template":"","meta":{"_sb_is_suggestion_mode":false,"_sb_show_suggestion_boards":false,"_sb_show_comment_boards":false,"_sb_suggestion_history":"","_sb_update_block_changes":"","footnotes":""},"class_list":["post-282","page","type-page","status-publish","hentry"],"_links":{"self":[{"href":"https:\/\/radio.unialianzahispana.edu.mx\/index.php?rest_route=\/wp\/v2\/pages\/282","targetHints":{"allow":["GET"]}}],"collection":[{"href":"https:\/\/radio.unialianzahispana.edu.mx\/index.php?rest_route=\/wp\/v2\/pages"}],"about":[{"href":"https:\/\/radio.unialianzahispana.edu.mx\/index.php?rest_route=\/wp\/v2\/types\/page"}],"author":[{"embeddable":true,"href":"https:\/\/radio.unialianzahispana.edu.mx\/index.php?rest_route=\/wp\/v2\/users\/4"}],"replies":[{"embeddable":true,"href":"https:\/\/radio.unialianzahispana.edu.mx\/index.php?rest_route=%2Fwp%2Fv2%2Fcomments&post=282"}],"version-history":[{"count":8,"href":"https:\/\/radio.unialianzahispana.edu.mx\/index.php?rest_route=\/wp\/v2\/pages\/282\/revisions"}],"predecessor-version":[{"id":588,"href":"https:\/\/radio.unialianzahispana.edu.mx\/index.php?rest_route=\/wp\/v2\/pages\/282\/revisions\/588"}],"wp:attachment":[{"href":"https:\/\/radio.unialianzahispana.edu.mx\/index.php?rest_route=%2Fwp%2Fv2%2Fmedia&parent=282"}],"curies":[{"name":"wp","href":"https:\/\/api.w.org\/{rel}","templated":true}]}}