{"id":268,"date":"2025-09-29T16:00:12","date_gmt":"2025-09-29T22:00:12","guid":{"rendered":"https:\/\/radio.unialianzahispana.edu.mx\/?page_id=268"},"modified":"2026-01-09T11:51:43","modified_gmt":"2026-01-09T17:51:43","slug":"catarsis-2","status":"publish","type":"page","link":"https:\/\/radio.unialianzahispana.edu.mx\/?page_id=268","title":{"rendered":"CATARSIS"},"content":{"rendered":"\n<div style=\"max-width: 720px; margin: 30px auto; padding: 25px; border-radius: 18px; background: linear-gradient(135deg, #ffffff, #f2f2f2); box-shadow: 0 8px 18px rgba(0,0,0,0.18); font-family: 'Segoe UI', Arial, sans-serif;\">\n\n  <!-- Imagen del programa -->\n  <div style=\"text-align: center; margin-bottom: 20px;\">\n    <figure class=\"wp-block-image size-full is-resized\" style=\"margin: 0;\">\n      <img loading=\"lazy\" decoding=\"async\" width=\"335\" height=\"201\" \n        src=\"https:\/\/radio.unialianzahispana.edu.mx\/wp-content\/uploads\/2025\/09\/catars-2-1.png\" \n        alt=\"Catarsis\"\n        class=\"wp-image-140\"\n        style=\"width:100%; max-width:320px; height:auto; border-radius: 14px; box-shadow: 0 6px 12px rgba(0,0,0,0.2);\"\n srcset=\"https:\/\/radio.unialianzahispana.edu.mx\/wp-content\/uploads\/2025\/09\/catars-2-1.png 335w, https:\/\/radio.unialianzahispana.edu.mx\/wp-content\/uploads\/2025\/09\/catars-2-1-300x180.png 300w\" sizes=\"auto, (max-width: 335px) 100vw, 335px\" \/>\n    <\/figure>\n  <\/div>\n\n  <!-- T\u00edtulo -->\n  <h2 style=\"text-align: center; color: #FF6600; margin-bottom: 12px; font-size: clamp(22px, 5vw, 28px); letter-spacing: 1px;\">\n    CATARSIS\n  <\/h2>\n\n  <!-- L\u00ednea decorativa -->\n  <div style=\"width: 60px; height: 4px; background: #FF6600; margin: 0 auto 22px auto; border-radius: 2px;\"><\/div>\n\n  <!-- Descripci\u00f3n -->\n  <p style=\"text-align: justify; font-size: clamp(15px, 4vw, 16.5px); color: #444; line-height: 1.7; margin-bottom: 25px;\">\n    Bienvenido a <strong>Catarsis<\/strong>, un programa dedicado al mundo del deporte con entrevistas, an\u00e1lisis y la mejor informaci\u00f3n. \n    A cargo de: <em>Psicolog\u00eda.<\/em><br><br>\n    Conversaci\u00f3n en la que participan a veces colegas y otras ocasiones usuarios de los servicios en psicolog\u00eda con la intenci\u00f3n de orientar al p\u00fablico sobre algunos de los problemas y trastornos psicol\u00f3gicos que m\u00e1s se presentan en la poblaci\u00f3n mexicana, as\u00ed como algunos m\u00e1s particulares, de manera que el p\u00fablico puede recibir consejos para mejorar su calidad de vida a trav\u00e9s de la prevenci\u00f3n y la pronta identificaci\u00f3n para poder acudir a recibir la atenci\u00f3n apropiada para su salud y bienestar mental as\u00ed como emocional.\n  <\/p>\n\n  <!-- Reproductor de audio -->\n  <div style=\"margin-top: 20px;\">\n    <iframe loading=\"lazy\" \n      width=\"100%\" \n      height=\"166\" \n      scrolling=\"no\" \n      frameborder=\"no\" \n      allow=\"autoplay\"\n      style=\"border-radius: 12px;\"\n      src=\"https:\/\/w.soundcloud.com\/player\/?url=https:\/\/soundcloud.com\/mai-82083287\/catarsis-40x07?si=541130b468a04f09b69101fd3c1c3bbf&#038;utm_source=clipboard&#038;utm_medium=text&#038;utm_campaign=social_sharing\">\n    <\/iframe>\n\n    <!-- Cr\u00e9ditos SoundCloud -->\n    <div style=\"font-size: 11px; color: #999; margin-top: 6px; text-align: center; font-family: Arial, sans-serif;\">\n      <a href=\"https:\/\/soundcloud.com\/mai-82083287\" target=\"_blank\" style=\"color: #999; text-decoration: none;\">\n      <\/a>\n      <a href=\"https:\/\/soundcloud.com\/mai-82083287\/cecyte-al-aire-17x07\" target=\"_blank\" style=\"color: #999; text-decoration: none;\">\n      <\/a>\n    <\/div>\n  <\/div>\n\n<\/div>\n","protected":false},"excerpt":{"rendered":"<p>CATARSIS Bienvenido a Catarsis, un programa dedicado al mundo del deporte con entrevistas, an\u00e1lisis y la mejor informaci\u00f3n. A cargo de: Psicolog\u00eda. Conversaci\u00f3n en la que participan a veces colegas y otras ocasiones usuarios de los servicios en psicolog\u00eda con la intenci\u00f3n de orientar al p\u00fablico sobre algunos de los problemas y trastornos psicol\u00f3gicos que [&hellip;]<\/p>\n","protected":false},"author":5,"featured_media":0,"parent":0,"menu_order":0,"comment_status":"closed","ping_status":"closed","template":"","meta":{"_sb_is_suggestion_mode":false,"_sb_show_suggestion_boards":false,"_sb_show_comment_boards":false,"_sb_suggestion_history":"","_sb_update_block_changes":"","footnotes":""},"class_list":["post-268","page","type-page","status-publish","hentry"],"_links":{"self":[{"href":"https:\/\/radio.unialianzahispana.edu.mx\/index.php?rest_route=\/wp\/v2\/pages\/268","targetHints":{"allow":["GET"]}}],"collection":[{"href":"https:\/\/radio.unialianzahispana.edu.mx\/index.php?rest_route=\/wp\/v2\/pages"}],"about":[{"href":"https:\/\/radio.unialianzahispana.edu.mx\/index.php?rest_route=\/wp\/v2\/types\/page"}],"author":[{"embeddable":true,"href":"https:\/\/radio.unialianzahispana.edu.mx\/index.php?rest_route=\/wp\/v2\/users\/5"}],"replies":[{"embeddable":true,"href":"https:\/\/radio.unialianzahispana.edu.mx\/index.php?rest_route=%2Fwp%2Fv2%2Fcomments&post=268"}],"version-history":[{"count":13,"href":"https:\/\/radio.unialianzahispana.edu.mx\/index.php?rest_route=\/wp\/v2\/pages\/268\/revisions"}],"predecessor-version":[{"id":573,"href":"https:\/\/radio.unialianzahispana.edu.mx\/index.php?rest_route=\/wp\/v2\/pages\/268\/revisions\/573"}],"wp:attachment":[{"href":"https:\/\/radio.unialianzahispana.edu.mx\/index.php?rest_route=%2Fwp%2Fv2%2Fmedia&parent=268"}],"curies":[{"name":"wp","href":"https:\/\/api.w.org\/{rel}","templated":true}]}}