{"id":240,"date":"2025-09-29T15:51:09","date_gmt":"2025-09-29T21:51:09","guid":{"rendered":"https:\/\/radio.unialianzahispana.edu.mx\/?page_id=240"},"modified":"2026-01-09T11:55:51","modified_gmt":"2026-01-09T17:55:51","slug":"disidentes","status":"publish","type":"page","link":"https:\/\/radio.unialianzahispana.edu.mx\/?page_id=240","title":{"rendered":"DISIDENTES"},"content":{"rendered":"\n<div style=\"max-width: 720px; margin: 30px auto; padding: 25px; border-radius: 18px; background: linear-gradient(135deg, #ffffff, #f2f2f2); box-shadow: 0 8px 18px rgba(0,0,0,0.18); font-family: 'Segoe UI', Arial, sans-serif;\">\n\n  <!-- Imagen del programa -->\n  <div style=\"text-align: center; margin-bottom: 20px;\">\n    <figure class=\"wp-block-image size-full is-resized\" style=\"margin: 0;\">\n      <img decoding=\"async\" \n        src=\"https:\/\/radio.unialianzahispana.edu.mx\/wp-content\/uploads\/2024\/06\/Imagen3-1.png\" \n        alt=\"Las Disidentes: Di\u00e1logo entre Mujeres\"\n        class=\"wp-image-72\"\n        style=\"width:100%; max-width:440px; height:auto; border-radius: 14px; box-shadow: 0 6px 12px rgba(0,0,0,0.2);\"\n      \/>\n    <\/figure>\n  <\/div>\n\n  <!-- T\u00edtulo -->\n  <h2 style=\"text-align: center; color: #FF6600; margin-bottom: 12px; font-size: clamp(22px, 5vw, 28px); letter-spacing: 1px;\">\n    DISIDENTES\n  <\/h2>\n\n  <!-- L\u00ednea decorativa -->\n  <div style=\"width: 60px; height: 4px; background: #FF6600; margin: 0 auto 22px auto; border-radius: 2px;\"><\/div>\n\n  <!-- Descripci\u00f3n -->\n  <p style=\"text-align: justify; font-size: clamp(15px, 4vw, 16.5px); color: #444; line-height: 1.7; margin-bottom: 25px;\">\n    Bienvenido a <strong>Las Disidentes: Di\u00e1logo entre Mujeres<\/strong>.  \n    Espacio radiof\u00f3nico dedicado a abordar el feminismo, la historia de las mujeres, sus logros y los obst\u00e1culos a\u00fan por superar, as\u00ed como un an\u00e1lisis cr\u00edtico y reflexivo de las relaciones de g\u00e9nero en nuestra sociedad.\n  <\/p>\n\n  <!-- Reproductor de audio -->\n  <div style=\"margin-top: 20px;\">\n    <iframe loading=\"lazy\" \n      width=\"100%\" \n      height=\"166\" \n      scrolling=\"no\" \n      frameborder=\"no\" \n      allow=\"autoplay\"\n      style=\"border-radius: 12px;\"\n      src=\"https:\/\/w.soundcloud.com\/player\/?url=https:\/\/soundcloud.com\/mai-82083287\/las-disidentes-dialogo-entre?si=541130b468a04f09b69101fd3c1c3bbf&#038;utm_source=clipboard&#038;utm_medium=text&#038;utm_campaign=social_sharing\">\n    <\/iframe>\n\n    <!-- Cr\u00e9ditos SoundCloud -->\n    <div style=\"font-size: 11px; color: #999; margin-top: 6px; text-align: center; font-family: Arial, sans-serif;\">\n      <a href=\"https:\/\/soundcloud.com\/mai-82083287\" target=\"_blank\" style=\"color: #999; text-decoration: none;\">\n      <\/a> \n      <a href=\"https:\/\/soundcloud.com\/mai-82083287\/cecyte-al-aire-17x07\" target=\"_blank\" style=\"color: #999; text-decoration: none;\">\n      <\/a>\n    <\/div>\n  <\/div>\n\n<\/div>\n","protected":false},"excerpt":{"rendered":"<p>DISIDENTES Bienvenido a Las Disidentes: Di\u00e1logo entre Mujeres. Espacio radiof\u00f3nico dedicado a abordar el feminismo, la historia de las mujeres, sus logros y los obst\u00e1culos a\u00fan por superar, as\u00ed como un an\u00e1lisis cr\u00edtico y reflexivo de las relaciones de g\u00e9nero en nuestra sociedad.<\/p>\n","protected":false},"author":4,"featured_media":0,"parent":0,"menu_order":0,"comment_status":"closed","ping_status":"closed","template":"","meta":{"_sb_is_suggestion_mode":false,"_sb_show_suggestion_boards":false,"_sb_show_comment_boards":false,"_sb_suggestion_history":"","_sb_update_block_changes":"","footnotes":""},"class_list":["post-240","page","type-page","status-publish","hentry"],"_links":{"self":[{"href":"https:\/\/radio.unialianzahispana.edu.mx\/index.php?rest_route=\/wp\/v2\/pages\/240","targetHints":{"allow":["GET"]}}],"collection":[{"href":"https:\/\/radio.unialianzahispana.edu.mx\/index.php?rest_route=\/wp\/v2\/pages"}],"about":[{"href":"https:\/\/radio.unialianzahispana.edu.mx\/index.php?rest_route=\/wp\/v2\/types\/page"}],"author":[{"embeddable":true,"href":"https:\/\/radio.unialianzahispana.edu.mx\/index.php?rest_route=\/wp\/v2\/users\/4"}],"replies":[{"embeddable":true,"href":"https:\/\/radio.unialianzahispana.edu.mx\/index.php?rest_route=%2Fwp%2Fv2%2Fcomments&post=240"}],"version-history":[{"count":15,"href":"https:\/\/radio.unialianzahispana.edu.mx\/index.php?rest_route=\/wp\/v2\/pages\/240\/revisions"}],"predecessor-version":[{"id":575,"href":"https:\/\/radio.unialianzahispana.edu.mx\/index.php?rest_route=\/wp\/v2\/pages\/240\/revisions\/575"}],"wp:attachment":[{"href":"https:\/\/radio.unialianzahispana.edu.mx\/index.php?rest_route=%2Fwp%2Fv2%2Fmedia&parent=240"}],"curies":[{"name":"wp","href":"https:\/\/api.w.org\/{rel}","templated":true}]}}