{"id":234,"date":"2025-09-29T15:49:00","date_gmt":"2025-09-29T21:49:00","guid":{"rendered":"https:\/\/radio.unialianzahispana.edu.mx\/?page_id=234"},"modified":"2026-01-09T11:52:15","modified_gmt":"2026-01-09T17:52:15","slug":"cecyte-al-aire","status":"publish","type":"page","link":"https:\/\/radio.unialianzahispana.edu.mx\/?page_id=234","title":{"rendered":"CECYTE AL AIRE"},"content":{"rendered":"\n<div style=\"max-width: 720px; margin: 30px auto; padding: 25px; border-radius: 18px; background: linear-gradient(135deg, #ffffff, #f2f2f2); box-shadow: 0 8px 18px rgba(0,0,0,0.18); font-family: 'Segoe UI', Arial, sans-serif;\">\n\n  <!-- Imagen del programa -->\n  <div style=\"text-align: center; margin-bottom: 20px;\">\n    <figure class=\"wp-block-image size-large is-resized\" style=\"margin: 0;\">\n      <img loading=\"lazy\" decoding=\"async\" width=\"1014\" height=\"1024\" \n        src=\"https:\/\/radio.unialianzahispana.edu.mx\/wp-content\/uploads\/2025\/09\/cecyte-al-aire-logo-1-1014x1024.png\" \n        alt=\"CECYTE al Aire\"\n        class=\"wp-image-143\"\n        style=\"width:100%; max-width:330px; height:auto; border-radius: 14px; box-shadow: 0 6px 12px rgba(0,0,0,0.2);\"\n srcset=\"https:\/\/radio.unialianzahispana.edu.mx\/wp-content\/uploads\/2025\/09\/cecyte-al-aire-logo-1-1014x1024.png 1014w, https:\/\/radio.unialianzahispana.edu.mx\/wp-content\/uploads\/2025\/09\/cecyte-al-aire-logo-1-297x300.png 297w, https:\/\/radio.unialianzahispana.edu.mx\/wp-content\/uploads\/2025\/09\/cecyte-al-aire-logo-1-150x150.png 150w, https:\/\/radio.unialianzahispana.edu.mx\/wp-content\/uploads\/2025\/09\/cecyte-al-aire-logo-1-768x775.png 768w, https:\/\/radio.unialianzahispana.edu.mx\/wp-content\/uploads\/2025\/09\/cecyte-al-aire-logo-1-1521x1536.png 1521w, https:\/\/radio.unialianzahispana.edu.mx\/wp-content\/uploads\/2025\/09\/cecyte-al-aire-logo-1.png 1742w\" sizes=\"auto, (max-width: 1014px) 100vw, 1014px\" \/>\n    <\/figure>\n  <\/div>\n\n  <!-- T\u00edtulo -->\n  <h2 style=\"text-align: center; color: #FF6600; margin-bottom: 12px; font-size: clamp(22px, 5vw, 28px); letter-spacing: 1px;\">\n    CECYTE AL AIRE\n  <\/h2>\n\n  <!-- L\u00ednea decorativa -->\n  <div style=\"width: 60px; height: 4px; background: #FF6600; margin: 0 auto 22px auto; border-radius: 2px;\"><\/div>\n\n  <!-- Descripci\u00f3n -->\n  <p style=\"text-align: justify; font-size: clamp(15px, 4vw, 16.5px); color: #444; line-height: 1.7; margin-bottom: 25px;\">\n    Bienvenido a <strong>CECyTE al Aire<\/strong>, un programa dedicado al mundo del deporte con entrevistas, an\u00e1lisis y la mejor informaci\u00f3n.\n    <br><br>\n    Conduce <em>Sam Morales<\/em>. Este es un texto de ejemplo que puedes reemplazar con la descripci\u00f3n real del programa.\n  <\/p>\n\n  <!-- Reproductor de audio -->\n  <div style=\"margin-top: 20px;\">\n    <iframe loading=\"lazy\" \n      width=\"100%\" \n      height=\"166\" \n      scrolling=\"no\" \n      frameborder=\"no\" \n      allow=\"autoplay\"\n      style=\"border-radius: 12px;\"\n      src=\"https:\/\/w.soundcloud.com\/player\/?url=https%3A\/\/api.soundcloud.com\/tracks\/2192649975&#038;color=%23ff6600&#038;auto_play=false&#038;hide_related=false&#038;show_comments=true&#038;show_user=true&#038;show_reposts=false&#038;show_teaser=true\">\n    <\/iframe>\n\n    <!-- Cr\u00e9ditos SoundCloud -->\n    <div style=\"font-size: 11px; color: #999; margin-top: 6px; text-align: center; font-family: Arial, sans-serif;\">\n      <a href=\"https:\/\/soundcloud.com\/mai-82083287\" target=\"_blank\" style=\"color: #999; text-decoration: none;\">\n      <\/a>\n      <a href=\"https:\/\/soundcloud.com\/mai-82083287\/cecyte-al-aire-17x07\" target=\"_blank\" style=\"color: #999; text-decoration: none;\">\n      <\/a>\n    <\/div>\n  <\/div>\n\n<\/div>\n","protected":false},"excerpt":{"rendered":"<p>CECYTE AL AIRE Bienvenido a CECyTE al Aire, un programa dedicado al mundo del deporte con entrevistas, an\u00e1lisis y la mejor informaci\u00f3n. Conduce Sam Morales. Este es un texto de ejemplo que puedes reemplazar con la descripci\u00f3n real del programa.<\/p>\n","protected":false},"author":5,"featured_media":0,"parent":0,"menu_order":0,"comment_status":"closed","ping_status":"closed","template":"","meta":{"_sb_is_suggestion_mode":false,"_sb_show_suggestion_boards":false,"_sb_show_comment_boards":false,"_sb_suggestion_history":"","_sb_update_block_changes":"","footnotes":""},"class_list":["post-234","page","type-page","status-publish","hentry"],"_links":{"self":[{"href":"https:\/\/radio.unialianzahispana.edu.mx\/index.php?rest_route=\/wp\/v2\/pages\/234","targetHints":{"allow":["GET"]}}],"collection":[{"href":"https:\/\/radio.unialianzahispana.edu.mx\/index.php?rest_route=\/wp\/v2\/pages"}],"about":[{"href":"https:\/\/radio.unialianzahispana.edu.mx\/index.php?rest_route=\/wp\/v2\/types\/page"}],"author":[{"embeddable":true,"href":"https:\/\/radio.unialianzahispana.edu.mx\/index.php?rest_route=\/wp\/v2\/users\/5"}],"replies":[{"embeddable":true,"href":"https:\/\/radio.unialianzahispana.edu.mx\/index.php?rest_route=%2Fwp%2Fv2%2Fcomments&post=234"}],"version-history":[{"count":7,"href":"https:\/\/radio.unialianzahispana.edu.mx\/index.php?rest_route=\/wp\/v2\/pages\/234\/revisions"}],"predecessor-version":[{"id":574,"href":"https:\/\/radio.unialianzahispana.edu.mx\/index.php?rest_route=\/wp\/v2\/pages\/234\/revisions\/574"}],"wp:attachment":[{"href":"https:\/\/radio.unialianzahispana.edu.mx\/index.php?rest_route=%2Fwp%2Fv2%2Fmedia&parent=234"}],"curies":[{"name":"wp","href":"https:\/\/api.w.org\/{rel}","templated":true}]}}