{"id":221,"date":"2025-09-29T15:38:09","date_gmt":"2025-09-29T21:38:09","guid":{"rendered":"https:\/\/radio.unialianzahispana.edu.mx\/?page_id=221"},"modified":"2026-01-09T12:13:36","modified_gmt":"2026-01-09T18:13:36","slug":"panza-llena-cora-contento","status":"publish","type":"page","link":"https:\/\/radio.unialianzahispana.edu.mx\/?page_id=221","title":{"rendered":"PANZA LLENA, CORAZON CONTENTO"},"content":{"rendered":"\n<div style=\"max-width: 720px; margin: 30px auto; padding: 25px; border-radius: 18px; background: linear-gradient(135deg, #ffffff, #f2f2f2); box-shadow: 0 8px 18px rgba(0,0,0,0.18); font-family: 'Segoe UI', Arial, sans-serif;\">\n\n  <!-- Imagen del programa -->\n  <div style=\"text-align: center; margin-bottom: 20px;\">\n    <figure style=\"margin: 0;\">\n      <img decoding=\"async\" \n        src=\"https:\/\/radio.unialianzahispana.edu.mx\/wp-content\/uploads\/2024\/06\/Imagen11.png\" \n        alt=\"Panza Llena, Coraz\u00f3n Contento\"\n        style=\"width:100%; max-width:360px; height:auto; border-radius: 14px; box-shadow: 0 6px 12px rgba(0,0,0,0.2);\"\n      \/>\n    <\/figure>\n  <\/div>\n\n  <!-- T\u00edtulo -->\n  <h2 style=\"text-align: center; color: #FF6600; margin-bottom: 12px; font-size: clamp(22px, 5vw, 28px); letter-spacing: 1px;\">\n    PANZA LLENA, CORAZ\u00d3N CONTENTO\n  <\/h2>\n\n  <!-- L\u00ednea decorativa -->\n  <div style=\"width: 60px; height: 4px; background: #FF6600; margin: 0 auto 22px auto; border-radius: 2px;\"><\/div>\n\n  <!-- Descripci\u00f3n -->\n  <p style=\"text-align: justify; font-size: clamp(15px, 4vw, 16.5px); color: #444; line-height: 1.7; margin-bottom: 25px;\">\n    Bienvenido a <strong>Panza Llena, Coraz\u00f3n Contento<\/strong>. A cargo de <em>Gastronom\u00eda<\/em>.\n    <br><br>\n    Recorrido por los sabores de las cocinas de la regi\u00f3n, conociendo un poco m\u00e1s de los contextos hist\u00f3ricos y culturales en los que se desarrollaron estos sabores, y c\u00f3mo llevarlos hasta nuestra mesa. Consejos de econom\u00eda para la cocina e ingredientes que pueden optimizar la saz\u00f3n de nuestra comida en casa y c\u00f3mo darle calor de hogar a nuestros negocios de alimentos.\n  <\/p>\n\n  <!-- Reproductor de audio -->\n  <div style=\"margin-top: 20px;\">\n    <iframe loading=\"lazy\" \n      width=\"100%\" \n      height=\"166\" \n      scrolling=\"no\" \n      frameborder=\"no\" \n      allow=\"autoplay\"\n      style=\"border-radius: 12px;\"\n      src=\"https:\/\/w.soundcloud.com\/player\/?url=https%3A\/\/soundcloud.com\/carrascojat2\/panza-llena-corazon-contento&#038;color=%23ff6600&#038;auto_play=false&#038;hide_related=false&#038;show_comments=true&#038;show_user=true&#038;show_reposts=false&#038;show_teaser=true&#038;visual=false\">\n    <\/iframe>\n\n    <!-- Cr\u00e9ditos -->\n    <div style=\"font-size: 11px; color: #999; margin-top: 6px; text-align: center; font-family: Arial, sans-serif;\">\n      <a href=\"https:\/\/soundcloud.com\/carrascojat2\" target=\"_blank\" style=\"color: #999; text-decoration: none;\">\n      <\/a>\n      <a href=\"https:\/\/soundcloud.com\/carrascojat2\/panza-llena-corazon-contento\" target=\"_blank\" style=\"color: #999; text-decoration: none;\">\n      <\/a>\n    <\/div>\n  <\/div>\n\n<\/div>\n\n\n\n\n<p><\/p>\n","protected":false},"excerpt":{"rendered":"<p>PANZA LLENA, CORAZ\u00d3N CONTENTO Bienvenido a Panza Llena, Coraz\u00f3n Contento. A cargo de Gastronom\u00eda. Recorrido por los sabores de las cocinas de la regi\u00f3n, conociendo un poco m\u00e1s de los contextos hist\u00f3ricos y culturales en los que se desarrollaron estos sabores, y c\u00f3mo llevarlos hasta nuestra mesa. Consejos de econom\u00eda para la cocina e ingredientes [&hellip;]<\/p>\n","protected":false},"author":5,"featured_media":0,"parent":0,"menu_order":0,"comment_status":"closed","ping_status":"closed","template":"","meta":{"_sb_is_suggestion_mode":false,"_sb_show_suggestion_boards":false,"_sb_show_comment_boards":false,"_sb_suggestion_history":"","_sb_update_block_changes":"","footnotes":""},"class_list":["post-221","page","type-page","status-publish","hentry"],"_links":{"self":[{"href":"https:\/\/radio.unialianzahispana.edu.mx\/index.php?rest_route=\/wp\/v2\/pages\/221","targetHints":{"allow":["GET"]}}],"collection":[{"href":"https:\/\/radio.unialianzahispana.edu.mx\/index.php?rest_route=\/wp\/v2\/pages"}],"about":[{"href":"https:\/\/radio.unialianzahispana.edu.mx\/index.php?rest_route=\/wp\/v2\/types\/page"}],"author":[{"embeddable":true,"href":"https:\/\/radio.unialianzahispana.edu.mx\/index.php?rest_route=\/wp\/v2\/users\/5"}],"replies":[{"embeddable":true,"href":"https:\/\/radio.unialianzahispana.edu.mx\/index.php?rest_route=%2Fwp%2Fv2%2Fcomments&post=221"}],"version-history":[{"count":10,"href":"https:\/\/radio.unialianzahispana.edu.mx\/index.php?rest_route=\/wp\/v2\/pages\/221\/revisions"}],"predecessor-version":[{"id":582,"href":"https:\/\/radio.unialianzahispana.edu.mx\/index.php?rest_route=\/wp\/v2\/pages\/221\/revisions\/582"}],"wp:attachment":[{"href":"https:\/\/radio.unialianzahispana.edu.mx\/index.php?rest_route=%2Fwp%2Fv2%2Fmedia&parent=221"}],"curies":[{"name":"wp","href":"https:\/\/api.w.org\/{rel}","templated":true}]}}